{"id":68,"date":"2023-11-08T20:05:48","date_gmt":"2023-11-08T20:05:48","guid":{"rendered":"https:\/\/gucci.dangio.it\/?page_id=68"},"modified":"2024-01-16T19:18:05","modified_gmt":"2024-01-16T19:18:05","slug":"event","status":"publish","type":"page","link":"https:\/\/gucci.dangio.it\/?page_id=68","title":{"rendered":"Event"},"content":{"rendered":"\t\t<div data-elementor-type=\"wp-page\" data-elementor-id=\"68\" class=\"elementor elementor-68\">\n\t\t\t\t\t\t\t<div class=\"elementor-element elementor-element-680a5b9b e-con-full e-flex e-con e-parent\" data-id=\"680a5b9b\" data-element_type=\"container\" data-settings=\"{&quot;content_width&quot;:&quot;full&quot;}\" data-core-v316-plus=\"true\">\n\t\t<div class=\"elementor-element elementor-element-2daa072e e-con-full e-flex e-con e-child\" data-id=\"2daa072e\" data-element_type=\"container\" data-settings=\"{&quot;content_width&quot;:&quot;full&quot;}\">\n\t\t<div class=\"elementor-element elementor-element-14328102 e-con-full e-flex e-con e-child\" data-id=\"14328102\" data-element_type=\"container\" data-settings=\"{&quot;content_width&quot;:&quot;full&quot;}\">\n\t\t\t\t<div class=\"elementor-element elementor-element-25b7e125 elementor-widget elementor-widget-heading\" data-id=\"25b7e125\" data-element_type=\"widget\" data-widget_type=\"heading.default\">\n\t\t\t\t<div class=\"elementor-widget-container\">\n\t\t\t<style>\/*! elementor - v3.17.0 - 08-11-2023 *\/\n.elementor-heading-title{padding:0;margin:0;line-height:1}.elementor-widget-heading .elementor-heading-title[class*=elementor-size-]>a{color:inherit;font-size:inherit;line-height:inherit}.elementor-widget-heading .elementor-heading-title.elementor-size-small{font-size:15px}.elementor-widget-heading .elementor-heading-title.elementor-size-medium{font-size:19px}.elementor-widget-heading .elementor-heading-title.elementor-size-large{font-size:29px}.elementor-widget-heading .elementor-heading-title.elementor-size-xl{font-size:39px}.elementor-widget-heading .elementor-heading-title.elementor-size-xxl{font-size:59px}<\/style><h1 class=\"elementor-heading-title elementor-size-default\">Our Next Event<\/h1>\t\t<\/div>\n\t\t\t\t<\/div>\n\t\t\t\t<div class=\"elementor-element elementor-element-2657ee4d elementor-widget__width-initial elementor-invisible elementor-widget elementor-widget-text-editor\" data-id=\"2657ee4d\" data-element_type=\"widget\" data-settings=\"{&quot;_animation&quot;:&quot;fadeInDown&quot;}\" data-widget_type=\"text-editor.default\">\n\t\t\t\t<div class=\"elementor-widget-container\">\n\t\t\t<style>\/*! elementor - v3.17.0 - 08-11-2023 *\/\n.elementor-widget-text-editor.elementor-drop-cap-view-stacked .elementor-drop-cap{background-color:#69727d;color:#fff}.elementor-widget-text-editor.elementor-drop-cap-view-framed .elementor-drop-cap{color:#69727d;border:3px solid;background-color:transparent}.elementor-widget-text-editor:not(.elementor-drop-cap-view-default) .elementor-drop-cap{margin-top:8px}.elementor-widget-text-editor:not(.elementor-drop-cap-view-default) .elementor-drop-cap-letter{width:1em;height:1em}.elementor-widget-text-editor .elementor-drop-cap{float:left;text-align:center;line-height:1;font-size:50px}.elementor-widget-text-editor .elementor-drop-cap-letter{display:inline-block}<\/style>\t\t\t\t<p>Nell&#8217;incantevole scenario dei canali di Venezia, il nostro evento prende vita attraverso una Gondola unica, che non solo incanta gli occhi dei turisti ma offre un&#8217;esperienza culinaria straordinaria. Questa iniziativa unisce il tradizionale e il moderno, creando un connubio di eleganza e innovazione.<\/p><p>Il cuore della nostra iniziativa \u00e8 la Gondola stessa, trasformata in un&#8217;icona gastronomica. Il suo esterno \u00e8 decorato con una fantasia che non solo incarna l&#8217;eleganza della cucina orientale, ma incorpora anche il logo distintivo del nostro brand. Ogni dettaglio esterno \u00e8 curato con attenzione, portando avanti il concept iniziale di raffinatezza.<\/p>\t\t\t\t\t\t<\/div>\n\t\t\t\t<\/div>\n\t\t\t\t<\/div>\n\t\t\t\t<div class=\"elementor-element elementor-element-1a0ba40c elementor-invisible elementor-widget elementor-widget-heading\" data-id=\"1a0ba40c\" data-element_type=\"widget\" data-settings=\"{&quot;_animation&quot;:&quot;fadeInUp&quot;}\" data-widget_type=\"heading.default\">\n\t\t\t\t<div class=\"elementor-widget-container\">\n\t\t\t<span class=\"elementor-heading-title elementor-size-default\">stay tuned<\/span>\t\t<\/div>\n\t\t\t\t<\/div>\n\t\t\t\t<\/div>\n\t\t<div class=\"elementor-element elementor-element-6f2120fc e-con-full e-flex e-con e-child\" data-id=\"6f2120fc\" data-element_type=\"container\" data-settings=\"{&quot;background_background&quot;:&quot;classic&quot;,&quot;content_width&quot;:&quot;full&quot;}\">\n\t\t\t\t<\/div>\n\t\t\t\t<\/div>\n\t\t<div class=\"elementor-element elementor-element-3eea77ea e-con-full e-flex e-con e-parent\" data-id=\"3eea77ea\" data-element_type=\"container\" id=\"Workshop_Learn_The_Basics\" data-settings=\"{&quot;content_width&quot;:&quot;full&quot;}\" data-core-v316-plus=\"true\">\n\t\t<div class=\"elementor-element elementor-element-3e2ba0cf e-con-full e-flex e-con e-child\" data-id=\"3e2ba0cf\" data-element_type=\"container\" data-settings=\"{&quot;background_background&quot;:&quot;classic&quot;,&quot;content_width&quot;:&quot;full&quot;}\">\n\t\t\t\t<\/div>\n\t\t<div class=\"elementor-element elementor-element-42f3be65 e-con-full e-flex e-con e-child\" data-id=\"42f3be65\" data-element_type=\"container\" data-settings=\"{&quot;content_width&quot;:&quot;full&quot;}\">\n\t\t\t\t<div class=\"elementor-element elementor-element-8a6dda4 elementor-widget elementor-widget-text-editor\" data-id=\"8a6dda4\" data-element_type=\"widget\" data-widget_type=\"text-editor.default\">\n\t\t\t\t<div class=\"elementor-widget-container\">\n\t\t\t\t\t\t\t<p>Oltre al tradizionale percorso turistico, offriamo l&#8217;opportunit\u00e0 unica di gustare sushi a bordo.<br \/>Ognuno ricever\u00e0 una box e i fortunati a trovare il roll color oro avranno la possibilit\u00e0 di partecipare all\u2019evento serale organizzato dal brand per presentarsi nella sua nuova unicit\u00e0 <br \/>La Gondola diventa cos\u00ec un piatto tradizionale, unendo la maestria culinaria orientale alla tradizione Veneziana in modo inaspettato. Questa sinergia tra culture crea un&#8217;esperienza gastronomica unica nel suo genere.<\/p>\t\t\t\t\t\t<\/div>\n\t\t\t\t<\/div>\n\t\t\t\t<\/div>\n\t\t\t\t<\/div>\n\t\t<div class=\"elementor-element elementor-element-51751b91 e-con-full e-flex e-con e-parent\" data-id=\"51751b91\" data-element_type=\"container\" id=\"Workshop_Master_The_Basics\" data-settings=\"{&quot;content_width&quot;:&quot;full&quot;}\" data-core-v316-plus=\"true\">\n\t\t<div class=\"elementor-element elementor-element-3c35cd52 e-con-full e-flex e-con e-child\" data-id=\"3c35cd52\" data-element_type=\"container\" data-settings=\"{&quot;content_width&quot;:&quot;full&quot;}\">\n\t\t\t\t<div class=\"elementor-element elementor-element-3a8ee485 elementor-widget elementor-widget-text-editor\" data-id=\"3a8ee485\" data-element_type=\"widget\" data-widget_type=\"text-editor.default\">\n\t\t\t\t<div class=\"elementor-widget-container\">\n\t\t\t\t\t\t\t<p>Brandizzare una Gondola non \u00e8 solo una scelta di marketing, ma un&#8217;affermazione di innovazione. Vogliamo stravolgere la percezione tradizionale di Venezia, trasformandola in un luogo aperto a tutti. La decisione di cambiare il design esterno della Gondola \u00e8 un segno tangibile di questo cambiamento, mentre l&#8217;incontro tra la cultura italiana e quella orientale rappresenta l&#8217;inclusivit\u00e0 e la diversit\u00e0.<\/p>\t\t\t\t\t\t<\/div>\n\t\t\t\t<\/div>\n\t\t\t\t<\/div>\n\t\t<div class=\"elementor-element elementor-element-154fd092 e-con-full e-flex e-con e-child\" data-id=\"154fd092\" data-element_type=\"container\" data-settings=\"{&quot;background_background&quot;:&quot;classic&quot;,&quot;content_width&quot;:&quot;full&quot;}\">\n\t\t\t\t<\/div>\n\t\t\t\t<\/div>\n\t\t<div class=\"elementor-element elementor-element-2eddb311 e-con-full e-flex e-con e-parent\" data-id=\"2eddb311\" data-element_type=\"container\" id=\"Workshop_Be_Ceramic_Superhero\" data-settings=\"{&quot;content_width&quot;:&quot;full&quot;}\" data-core-v316-plus=\"true\">\n\t\t<div class=\"elementor-element elementor-element-7b8414fd e-con-full e-flex e-con e-child\" data-id=\"7b8414fd\" data-element_type=\"container\" data-settings=\"{&quot;background_background&quot;:&quot;classic&quot;,&quot;content_width&quot;:&quot;full&quot;}\">\n\t\t\t\t<\/div>\n\t\t<div class=\"elementor-element elementor-element-14fdf901 e-con-full e-flex e-con e-child\" data-id=\"14fdf901\" data-element_type=\"container\" data-settings=\"{&quot;content_width&quot;:&quot;full&quot;}\">\n\t\t\t\t<div class=\"elementor-element elementor-element-5674b58d elementor-widget elementor-widget-text-editor\" data-id=\"5674b58d\" data-element_type=\"widget\" data-widget_type=\"text-editor.default\">\n\t\t\t\t<div class=\"elementor-widget-container\">\n\t\t\t\t\t\t\t<p>La scelta di Venezia come location va oltre il suo fascino turistico. Vogliamo sfidare l&#8217;idea che questa citt\u00e0 sia solo sinonimo di esclusivit\u00e0 ed eleganza. Il nostro obiettivo \u00e8 trasformare Venezia in un luogo accessibile a tutti, accogliente nei confronti di ogni forma di diversit\u00e0. Il messaggio che intendiamo veicolare \u00e8 di inclusivit\u00e0 e apertura, valori che rispecchiano perfettamente l&#8217;essenza del nostro brand.<\/p>\t\t\t\t\t\t<\/div>\n\t\t\t\t<\/div>\n\t\t\t\t<\/div>\n\t\t\t\t<\/div>\n\t\t<div class=\"elementor-element elementor-element-139a76a1 e-con-full e-flex e-con e-parent\" data-id=\"139a76a1\" data-element_type=\"container\" data-settings=\"{&quot;content_width&quot;:&quot;full&quot;}\" data-core-v316-plus=\"true\">\n\t\t<div class=\"elementor-element elementor-element-366828f5 e-con-full e-flex e-con e-child\" data-id=\"366828f5\" data-element_type=\"container\" data-settings=\"{&quot;content_width&quot;:&quot;full&quot;}\">\n\t\t\t\t<div class=\"elementor-element elementor-element-2a1df163 elementor-widget elementor-widget-text-editor\" data-id=\"2a1df163\" data-element_type=\"widget\" data-widget_type=\"text-editor.default\">\n\t\t\t\t<div class=\"elementor-widget-container\">\n\t\t\t\t\t\t\t<p>Questo progetto rappresenta concretamente la fusione delle ideologie di innovazione, inclusivit\u00e0 e diversit\u00e0. La Gondola &#8220;Out of Home&#8221; \u00e8 il simbolo tangibile di come possiamo stravolgere le tradizioni in modo creativo, mantenendo al contempo l&#8217;essenza e il rispetto per la cultura che ci circonda. Un viaggio gastronomico e culturale che ridefinisce Venezia, rendendola un luogo aperto a tutti.<\/p>\t\t\t\t\t\t<\/div>\n\t\t\t\t<\/div>\n\t\t\t\t<\/div>\n\t\t<div class=\"elementor-element elementor-element-749f7046 e-con-full e-flex e-con e-child\" data-id=\"749f7046\" data-element_type=\"container\" data-settings=\"{&quot;background_background&quot;:&quot;classic&quot;,&quot;content_width&quot;:&quot;full&quot;}\">\n\t\t\t\t<\/div>\n\t\t\t\t<\/div>\n\t\t\t\t\t\t\t<\/div>\n\t\t","protected":false},"excerpt":{"rendered":"<p>Our Next Event Nell&#8217;incantevole scenario dei canali di Venezia, il nostro evento prende vita attraverso una Gondola unica, che non solo incanta gli occhi dei turisti ma offre un&#8217;esperienza culinaria straordinaria. Questa iniziativa unisce il tradizionale e il moderno, creando un connubio di eleganza e innovazione. Il cuore della nostra iniziativa \u00e8 la Gondola stessa, [&hellip;]<\/p>\n","protected":false},"author":1,"featured_media":0,"parent":0,"menu_order":0,"comment_status":"closed","ping_status":"closed","template":"elementor_header_footer","meta":{"_eb_attr":"","footnotes":""},"class_list":["post-68","page","type-page","status-publish","hentry"],"_links":{"self":[{"href":"https:\/\/gucci.dangio.it\/index.php?rest_route=\/wp\/v2\/pages\/68","targetHints":{"allow":["GET"]}}],"collection":[{"href":"https:\/\/gucci.dangio.it\/index.php?rest_route=\/wp\/v2\/pages"}],"about":[{"href":"https:\/\/gucci.dangio.it\/index.php?rest_route=\/wp\/v2\/types\/page"}],"author":[{"embeddable":true,"href":"https:\/\/gucci.dangio.it\/index.php?rest_route=\/wp\/v2\/users\/1"}],"replies":[{"embeddable":true,"href":"https:\/\/gucci.dangio.it\/index.php?rest_route=%2Fwp%2Fv2%2Fcomments&post=68"}],"version-history":[{"count":32,"href":"https:\/\/gucci.dangio.it\/index.php?rest_route=\/wp\/v2\/pages\/68\/revisions"}],"predecessor-version":[{"id":343,"href":"https:\/\/gucci.dangio.it\/index.php?rest_route=\/wp\/v2\/pages\/68\/revisions\/343"}],"wp:attachment":[{"href":"https:\/\/gucci.dangio.it\/index.php?rest_route=%2Fwp%2Fv2%2Fmedia&parent=68"}],"curies":[{"name":"wp","href":"https:\/\/api.w.org\/{rel}","templated":true}]}}